{"id":2110,"date":"2026-02-09T13:59:18","date_gmt":"2026-02-09T13:59:18","guid":{"rendered":"https:\/\/www.magilex.ee\/?page_id=2110"},"modified":"2026-02-10T15:41:51","modified_gmt":"2026-02-10T15:41:51","slug":"juhatuse-hoolsuskohustuse-audit","status":"publish","type":"page","link":"https:\/\/www.magilex.ee\/en\/juhatuse-hoolsuskohustuse-audit\/","title":{"rendered":"Juhatuse hoolsuskohustuse audit"},"content":{"rendered":"<p>[et_pb_section fb_built=&#8221;1&#8243; _builder_version=&#8221;4.27.5&#8243; _module_preset=&#8221;default&#8221; custom_padding=&#8221;8px|||||&#8221; global_colors_info=&#8221;{}&#8221;][et_pb_row column_structure=&#8221;1_3,1_3,1_3&#8243; custom_padding_last_edited=&#8221;on|phone&#8221; _builder_version=&#8221;4.27.5&#8243; _module_preset=&#8221;default&#8221; background_color=&#8221;#FFFFFF&#8221; custom_margin=&#8221;16px|auto||auto||&#8221; custom_padding=&#8221;50px|50px|50px|50px|true|true&#8221; custom_padding_tablet=&#8221;50px|50px|50px|50px|true|true&#8221; custom_padding_phone=&#8221;33px|10px|33px|10px|true|true&#8221; border_radii=&#8221;on|20px|20px|20px|20px&#8221; global_colors_info=&#8221;{}&#8221; custom_css_main_element_last_edited=&#8221;on|tablet&#8221; custom_css_main_element_tablet=&#8221;width: 90% !important;&#8221; custom_css_main_element_phone=&#8221;width: 90% !important;&#8221;][et_pb_column type=&#8221;1_3&#8243; _builder_version=&#8221;4.19.5&#8243; _module_preset=&#8221;default&#8221; global_colors_info=&#8221;{}&#8221;][et_pb_text _builder_version=&#8221;4.27.5&#8243; _module_preset=&#8221;default&#8221; text_font=&#8221;|300|||||||&#8221; header_2_font=&#8221;|800|||||||&#8221; header_2_text_align=&#8221;left&#8221; header_2_font_size=&#8221;36px&#8221; custom_margin=&#8221;||||false|false&#8221; custom_padding=&#8221;||0px||false|false&#8221; hover_enabled=&#8221;0&#8243; header_2_text_align_tablet=&#8221;&#8221; header_2_text_align_phone=&#8221;&#8221; header_2_text_align_last_edited=&#8221;on|tablet&#8221; header_2_font_size_tablet=&#8221;40px&#8221; header_2_font_size_phone=&#8221;30px&#8221; header_2_font_size_last_edited=&#8221;on|tablet&#8221; global_colors_info=&#8221;{}&#8221; sticky_enabled=&#8221;0&#8243;]<\/p>\n<h2 class=\"et_pb_module_header et-fb-editable-element et-fb-editable-element__editing\" contenteditable=\"true\" data-shortcode-id=\"4.0.0.0-1675972084809\" data-quickaccess-id=\"header\">Juhatuse hoolsuskohustuse audit<\/h2>\n<p>[\/et_pb_text][et_pb_text _builder_version=&#8221;4.27.5&#8243; _module_preset=&#8221;default&#8221; text_font=&#8221;|&#8211;et_global_body_font_weight|||||||&#8221; custom_padding=&#8221;6px||23px||false|false&#8221; global_colors_info=&#8221;{}&#8221;]<\/p>\n<p>T\u00e4ida vorm ja lae alla tasuta Juhatuse Hoolsuskohustuse Audit (NIS2 &amp; K\u00fcTS), mis aitab Sul maandada 3 kriitilist riski:<\/p>\n<p>\u2705 <b data-path-to-node=\"28\" data-index-in-node=\"2\">Isiklik varaline vastutus (Sisemine regress)<\/b> Maanda risk, et ettev\u00f5ttele m\u00e4\u00e4ratud trahv v\u00f5i lunavara kahju n\u00f5utakse tegevusetuse t\u00f5ttu sisse juhatuse liikmelt. Dokumenteeritud otsused on Sinu parim kaitse.<\/p>\n<p>\u2705 <b data-path-to-node=\"30\" data-index-in-node=\"2\">Teadmatus kui raskendav asjaolu<\/b> Seadus n\u00f5uab juhatuselt koolituse l\u00e4bimist ja p\u00e4devust. Auditi t\u00e4itmine v\u00e4listab olukorra, kus &#8220;teadmatus&#8221; loetakse kohtus tahtlikuks hooletuseks.<\/p>\n<p>\u2705 <b data-path-to-node=\"29\" data-index-in-node=\"2\">Juhtimiskeeld ja karj\u00e4\u00e4ririsk<\/b> NIS2 v\u00f5imaldab j\u00e4relevalvel peatada f\u00fc\u00fcsilise isiku volitused juhina, kui ta ei suuda t\u00f5endada riskijuhtimise heakskiitmist. Audit fikseerib Sinu panuse ja j\u00e4relevalve.<\/p>\n<p>[\/et_pb_text][\/et_pb_column][et_pb_column type=&#8221;1_3&#8243; _builder_version=&#8221;4.19.5&#8243; _module_preset=&#8221;default&#8221; global_colors_info=&#8221;{}&#8221;][et_pb_text _builder_version=&#8221;4.27.5&#8243; _module_preset=&#8221;default&#8221; hover_enabled=&#8221;0&#8243; sticky_enabled=&#8221;0&#8243; custom_padding=&#8221;||0px||false|false&#8221; custom_margin=&#8221;||0px||false|false&#8221;]<\/p>\n<h2>T\u00e4ida vorm<\/h2>\n<p>[\/et_pb_text][et_pb_code _builder_version=&#8221;4.27.5&#8243; _module_preset=&#8221;default&#8221; custom_margin_tablet=&#8221;&#8221; custom_margin_phone=&#8221;||||false|false&#8221; custom_margin_last_edited=&#8221;on|phone&#8221; custom_padding_tablet=&#8221;&#8221; custom_padding_phone=&#8221;0px||||false|false&#8221; custom_padding_last_edited=&#8221;on|phone&#8221; custom_css_free_form=&#8221;span.gfield_required {||display:none;||}&#8221; global_colors_info=&#8221;{}&#8221;]<script type=\"text\/javascript\">var gform;gform||(document.addEventListener(\"gform_main_scripts_loaded\",function(){gform.scriptsLoaded=!0}),window.addEventListener(\"DOMContentLoaded\",function(){gform.domLoaded=!0}),gform={domLoaded:!1,scriptsLoaded:!1,initializeOnLoaded:function(o){gform.domLoaded&&gform.scriptsLoaded?o():!gform.domLoaded&&gform.scriptsLoaded?window.addEventListener(\"DOMContentLoaded\",o):document.addEventListener(\"gform_main_scripts_loaded\",o)},hooks:{action:{},filter:{}},addAction:function(o,n,r,t){gform.addHook(\"action\",o,n,r,t)},addFilter:function(o,n,r,t){gform.addHook(\"filter\",o,n,r,t)},doAction:function(o){gform.doHook(\"action\",o,arguments)},applyFilters:function(o){return gform.doHook(\"filter\",o,arguments)},removeAction:function(o,n){gform.removeHook(\"action\",o,n)},removeFilter:function(o,n,r){gform.removeHook(\"filter\",o,n,r)},addHook:function(o,n,r,t,i){null==gform.hooks[o][n]&&(gform.hooks[o][n]=[]);var e=gform.hooks[o][n];null==i&&(i=n+\"_\"+e.length),gform.hooks[o][n].push({tag:i,callable:r,priority:t=null==t?10:t})},doHook:function(n,o,r){var t;if(r=Array.prototype.slice.call(r,1),null!=gform.hooks[n][o]&&((o=gform.hooks[n][o]).sort(function(o,n){return o.priority-n.priority}),o.forEach(function(o){\"function\"!=typeof(t=o.callable)&&(t=window[t]),\"action\"==n?t.apply(null,r):r[0]=t.apply(null,r)})),\"filter\"==n)return r[0]},removeHook:function(o,n,t,i){var r;null!=gform.hooks[o][n]&&(r=(r=gform.hooks[o][n]).filter(function(o,n,r){return!!(null!=i&&i!=o.tag||null!=t&&t!=o.priority)}),gform.hooks[o][n]=r)}});<\/script>\n                <div class='gf_browser_gecko gform_wrapper gravity-theme gform-theme--no-framework' data-form-theme='gravity-theme' data-form-index='0' id='gform_wrapper_7' >\n                        <div class='gform_heading'>\n                            <p class='gform_description'><\/p>\n\t\t\t\t\t\t\t<p class='gform_required_legend'>&quot;<span class=\"gfield_required gfield_required_custom\">(required)<\/span>&quot; indicates required fields<\/p>\n                        <\/div><form method='post' enctype='multipart\/form-data'  id='gform_7'  action='\/en\/wp-json\/wp\/v2\/pages\/2110' data-formid='7' novalidate data-trp-original-action=\"\/en\/wp-json\/wp\/v2\/pages\/2110\"><div class='gf_invisible ginput_recaptchav3' data-sitekey='6LeKR-wkAAAAAIry-M2TgNASD85oYH9GvhKAIQff' data-tabindex='0'><input id=\"input_88edfe2daf5cc214cb2fce5a51e98e61\" class=\"gfield_recaptcha_response\" type=\"hidden\" name=\"input_88edfe2daf5cc214cb2fce5a51e98e61\" value=\"\"\/><\/div>\n                        <div class='gform-body gform_body'><div id='gform_fields_7' class='gform_fields top_label form_sublabel_below description_below'><fieldset id=\"field_7_1\"  class=\"gfield gfield--type-name gfield_contains_required field_sublabel_hidden_label gfield--no-description field_description_below hidden_label gfield_visibility_visible\"  data-js-reload=\"field_7_1\"><legend class='gfield_label gform-field-label gfield_label_before_complex'  >Name<span class=\"gfield_required\"><span class=\"gfield_required gfield_required_custom\">(required)<\/span><\/span><\/legend><div class='ginput_complex ginput_container ginput_container--name no_prefix has_first_name no_middle_name no_last_name no_suffix gf_name_has_1 ginput_container_name gform-grid-row' id='input_7_1'>\n                            \n                            <span id='input_7_1_3_container' class='name_first gform-grid-col gform-grid-col--size-auto' >\n                                                    <input type='text' name='input_1.3' id='input_7_1_3' value=''   aria-required='true'   placeholder='First name'  \/>\n                                                    <label for='input_7_1_3' class='gform-field-label gform-field-label--type-sub hidden_sub_label screen-reader-text'>First<\/label>\n                                                <\/span>\n                            \n                            \n                            \n                        <\/div><\/fieldset><div id=\"field_7_3\"  class=\"gfield gfield--type-email gfield--width-full gfield_contains_required field_sublabel_below gfield--no-description field_description_below hidden_label gfield_visibility_visible\"  data-js-reload=\"field_7_3\"><label class='gfield_label gform-field-label' for='input_7_3' >Email<span class=\"gfield_required\"><span class=\"gfield_required gfield_required_custom\">(required)<\/span><\/span><\/label><div class='ginput_container ginput_container_email'>\n                            <input name='input_3' id='input_7_3' type='email' value='' class='large'   placeholder='Email' aria-required=\"true\" aria-invalid=\"false\"  \/>\n                        <\/div><\/div><div id=\"field_7_10\"  class=\"gfield gfield--type-html gfield_html gfield_html_formatted gfield_no_follows_desc field_sublabel_below gfield--no-description field_description_below gfield_visibility_visible\"  data-js-reload=\"field_7_10\">N\u00f5ustun, et Magilex saadab mulle aeg-ajalt aktuaalset \u00f5igusalast teavet koosk\u00f5las Magilexi <a href=\"https:\/\/www.magilex.ee\/en\/privaatsustingimused\/\">privacy terms. <\/a><\/p> <\/div><\/div><\/div>\n        <div class='gform_footer top_label'> <input type='submit' id='gform_submit_button_7' class='gform_button button' value='Soovin n\u00e4idist'  onclick='if(window[\"gf_submitting_7\"]){return false;}  if( !jQuery(\"#gform_7\")[0].checkValidity || jQuery(\"#gform_7\")[0].checkValidity()){window[\"gf_submitting_7\"]=true;}  ' onkeypress='if( event.keyCode == 13 ){ if(window[\"gf_submitting_7\"]){return false;} if( !jQuery(\"#gform_7\")[0].checkValidity || jQuery(\"#gform_7\")[0].checkValidity()){window[\"gf_submitting_7\"]=true;}  jQuery(\"#gform_7\").trigger(\"submit\",[true]); }' \/> \n            <input type='hidden' class='gform_hidden' name='is_submit_7' value='1' \/>\n            <input type='hidden' class='gform_hidden' name='gform_submit' value='7' \/>\n            \n            <input type='hidden' class='gform_hidden' name='gform_unique_id' value='' \/>\n            <input type='hidden' class='gform_hidden' name='state_7' value='WyJbXSIsImRhZDQ4OTA0YTBjMzlmYjc5YTQwOThkNmMwMDA2YjA5Il0=' \/>\n            <input type='hidden' class='gform_hidden' name='gform_target_page_number_7' id='gform_target_page_number_7' value='0' \/>\n            <input type='hidden' class='gform_hidden' name='gform_source_page_number_7' id='gform_source_page_number_7' value='1' \/>\n            <input type='hidden' name='gform_field_values' value='' \/>\n            \n        <\/div>\n                        <input type=\"hidden\" name=\"trp-form-language\" value=\"en\"\/><\/form>\n                        <\/div><script type=\"text\/javascript\">\n\/* <![CDATA[ *\/\n gform.initializeOnLoaded( function() {gformInitSpinner( 7, 'https:\/\/www.magilex.ee\/wp-content\/plugins\/gravityforms\/images\/spinner.svg', true );jQuery('#gform_ajax_frame_7').on('load',function(){var contents = jQuery(this).contents().find('*').html();var is_postback = contents.indexOf('GF_AJAX_POSTBACK') >= 0;if(!is_postback){return;}var form_content = jQuery(this).contents().find('#gform_wrapper_7');var is_confirmation = jQuery(this).contents().find('#gform_confirmation_wrapper_7').length > 0;var is_redirect = contents.indexOf('gformRedirect(){') >= 0;var is_form = form_content.length > 0 && ! is_redirect && ! is_confirmation;var mt = parseInt(jQuery('html').css('margin-top'), 10) + parseInt(jQuery('body').css('margin-top'), 10) + 100;if(is_form){jQuery('#gform_wrapper_7').html(form_content.html());if(form_content.hasClass('gform_validation_error')){jQuery('#gform_wrapper_7').addClass('gform_validation_error');} else {jQuery('#gform_wrapper_7').removeClass('gform_validation_error');}setTimeout( function() { \/* delay the scroll by 50 milliseconds to fix a bug in chrome *\/  }, 50 );if(window['gformInitDatepicker']) {gformInitDatepicker();}if(window['gformInitPriceFields']) {gformInitPriceFields();}var current_page = jQuery('#gform_source_page_number_7').val();gformInitSpinner( 7, 'https:\/\/www.magilex.ee\/wp-content\/plugins\/gravityforms\/images\/spinner.svg', true );jQuery(document).trigger('gform_page_loaded', [7, current_page]);window['gf_submitting_7'] = false;}else if(!is_redirect){var confirmation_content = jQuery(this).contents().find('.GF_AJAX_POSTBACK').html();if(!confirmation_content){confirmation_content = contents;}setTimeout(function(){jQuery('#gform_wrapper_7').replaceWith(confirmation_content);jQuery(document).trigger('gform_confirmation_loaded', [7]);window['gf_submitting_7'] = false;wp.a11y.speak(jQuery('#gform_confirmation_message_7').text());}, 50);}else{jQuery('#gform_7').append(contents);if(window['gformRedirect']) {gformRedirect();}}jQuery(document).trigger('gform_post_render', [7, current_page]);} );} ); \n\/* ]]> *\/\n<\/script>\n[\/et_pb_code][\/et_pb_column][et_pb_column type=&#8221;1_3&#8243; _builder_version=&#8221;4.19.5&#8243; _module_preset=&#8221;default&#8221; global_colors_info=&#8221;{}&#8221;][et_pb_image src=&#8221;https:\/\/www.magilex.ee\/wp-content\/uploads\/2026\/02\/NIS2-blog.png&#8221; alt=&#8221;NIS2 juhatuse vastutus&#8221; title_text=&#8221;NIS2 blog&#8221; disabled_on=&#8221;on|off|off&#8221; _builder_version=&#8221;4.27.5&#8243; _module_preset=&#8221;default&#8221; global_colors_info=&#8221;{}&#8221;][\/et_pb_image][\/et_pb_column][\/et_pb_row][\/et_pb_section]<\/p>","protected":false},"excerpt":{"rendered":"<p>Juhatuse hoolsuskohustuse auditT\u00e4ida vorm ja lae alla tasuta Juhatuse Hoolsuskohustuse Audit (NIS2 &amp; K\u00fcTS), mis aitab Sul maandada 3 kriitilist riski: \u2705 Isiklik varaline vastutus (Sisemine regress) Maanda risk, et ettev\u00f5ttele m\u00e4\u00e4ratud trahv v\u00f5i lunavara kahju n\u00f5utakse tegevusetuse t\u00f5ttu sisse juhatuse liikmelt. Dokumenteeritud otsused on Sinu parim kaitse. \u2705 Teadmatus kui raskendav asjaolu Seadus n\u00f5uab [&hellip;]<\/p>","protected":false},"author":1,"featured_media":0,"parent":0,"menu_order":0,"comment_status":"closed","ping_status":"closed","template":"","meta":{"_et_pb_use_builder":"on","_et_pb_old_content":"","_et_gb_content_width":"","iawp_total_views":21,"footnotes":""},"class_list":["post-2110","page","type-page","status-publish","hentry"],"_links":{"self":[{"href":"https:\/\/www.magilex.ee\/en\/wp-json\/wp\/v2\/pages\/2110","targetHints":{"allow":["GET"]}}],"collection":[{"href":"https:\/\/www.magilex.ee\/en\/wp-json\/wp\/v2\/pages"}],"about":[{"href":"https:\/\/www.magilex.ee\/en\/wp-json\/wp\/v2\/types\/page"}],"author":[{"embeddable":true,"href":"https:\/\/www.magilex.ee\/en\/wp-json\/wp\/v2\/users\/1"}],"replies":[{"embeddable":true,"href":"https:\/\/www.magilex.ee\/en\/wp-json\/wp\/v2\/comments?post=2110"}],"version-history":[{"count":5,"href":"https:\/\/www.magilex.ee\/en\/wp-json\/wp\/v2\/pages\/2110\/revisions"}],"predecessor-version":[{"id":2169,"href":"https:\/\/www.magilex.ee\/en\/wp-json\/wp\/v2\/pages\/2110\/revisions\/2169"}],"wp:attachment":[{"href":"https:\/\/www.magilex.ee\/en\/wp-json\/wp\/v2\/media?parent=2110"}],"curies":[{"name":"wp","href":"https:\/\/api.w.org\/{rel}","templated":true}]}}