{"id":459,"date":"2023-01-30T21:33:09","date_gmt":"2023-01-30T21:33:09","guid":{"rendered":"https:\/\/arendus.magilex.ee\/?page_id=459"},"modified":"2026-01-19T08:48:09","modified_gmt":"2026-01-19T08:48:09","slug":"siim-magi","status":"publish","type":"page","link":"https:\/\/www.magilex.ee\/en\/inimesed\/siim-magi\/","title":{"rendered":"Siim M\u00e4gi"},"content":{"rendered":"<p>[et_pb_section fb_built=&#8221;1&#8243; _builder_version=&#8221;4.19.5&#8243; _module_preset=&#8221;default&#8221; global_colors_info=&#8221;{}&#8221;][et_pb_row column_structure=&#8221;1_4,1_4,1_2&#8243; _builder_version=&#8221;4.19.5&#8243; _module_preset=&#8221;default&#8221; global_colors_info=&#8221;{}&#8221;][et_pb_column type=&#8221;1_4&#8243; _builder_version=&#8221;4.19.5&#8243; _module_preset=&#8221;default&#8221; global_colors_info=&#8221;{}&#8221;][\/et_pb_column][et_pb_column type=&#8221;1_4&#8243; _builder_version=&#8221;4.27.5&#8243; _module_preset=&#8221;default&#8221; global_colors_info=&#8221;{}&#8221;][et_pb_team_member name=&#8221;Siim M\u00e4gi&#8221; position=&#8221;Partner \/ Lawyer&#8221; image_url=&#8221;https:\/\/www.magilex.ee\/wp-content\/uploads\/2026\/01\/Siim-Magi-Magilex-jurist-profiil.jpg&#8221; facebook_url=&#8221;https:\/\/www.facebook.com\/magisiim\/&#8221; linkedin_url=&#8221;https:\/\/www.linkedin.com\/in\/siimmagi\/&#8221; _builder_version=&#8221;4.27.5&#8243; _dynamic_attributes=&#8221;link_option_url&#8221; _module_preset=&#8221;default&#8221; header_font_size=&#8221;24px&#8221; position_text_align=&#8221;left&#8221; text_orientation=&#8221;right&#8221; link_option_url=&#8221;@ET-DC@eyJkeW5hbWljIjp0cnVlLCJjb250ZW50IjoicG9zdF9saW5rX3VybF9wYWdlIiwic2V0dGluZ3MiOnsicG9zdF9pZCI6IjQ1OSJ9fQ==@&#8221; hover_enabled=&#8221;0&#8243; global_module=&#8221;1599&#8243; saved_tabs=&#8221;all&#8221; global_colors_info=&#8221;{}&#8221; body_text_align=&#8221;left&#8221; sticky_enabled=&#8221;0&#8243;]<\/p>\n<p>T. +372 6720 070<br \/>F. +372 6720 071<br \/>E. siim.magi@magilex.ee<\/p>\n<p>[\/et_pb_team_member][\/et_pb_column][et_pb_column type=&#8221;1_2&#8243; _builder_version=&#8221;4.19.5&#8243; _module_preset=&#8221;default&#8221; global_colors_info=&#8221;{}&#8221;][et_pb_text _builder_version=&#8221;4.19.5&#8243; _module_preset=&#8221;default&#8221; global_colors_info=&#8221;{}&#8221;]<\/p>\n<div class=\"et_pb_module et_pb_text et_pb_text_2  et_pb_text_align_left et_pb_bg_layout_light\">\n<div class=\"et_pb_text_inner\">\n<h3>Kogemus<\/h3>\n<\/div>\n<\/div>\n<div class=\"et_pb_module et_pb_text et_pb_text_3  et_pb_text_align_left et_pb_bg_layout_light\">\n<div class=\"et_pb_text_inner\">\n<p>Alates 2018 asutaja ja tegevjuht<br \/><a href=\"https:\/\/www.magilex.ee\/en\/\">Magilex \u00d5igusb\u00fcroo<\/a><\/p>\n<p>2015 \u2013 2016 kaasasutaja\/tegevjuht<br \/><a href=\"https:\/\/avokaado.com\/et\/\" target=\"_blank\" rel=\"noopener noreferrer\">Avokaado.com<\/a><\/p>\n<p><span>2013 \u2013 2015 advokaat \/ arendusjuht<br \/><\/span><a href=\"https:\/\/levinlaw.ee\/\" target=\"_blank\" rel=\"noopener noreferrer\">Advokaadib\u00fcroo Glikman Alvin LEVIN<\/a><\/p>\n<p><span>2012 \u2013 2013<\/span>\u00a0partner \/ advokaat<br \/><a href=\"https:\/\/www.magnussonlaw.com\/\" target=\"_blank\" rel=\"noopener noreferrer\">Advokaadib\u00fcroo Magnusson<\/a><\/p>\n<p><span>2009 \u2013 2012<\/span>\u00a0advokaat<br \/><a href=\"https:\/\/levinlaw.ee\/\" target=\"_blank\" rel=\"noopener noreferrer\">Advokaadib\u00fcroo Glikman Alvin LEVIN<\/a><\/p>\n<p><span>2008 \u2013 2009<\/span>\u00a0jurist<br \/><a href=\"https:\/\/levinlaw.ee\/\" target=\"_blank\" rel=\"noopener noreferrer\">Advokaadib\u00fcroo Glikman Alvin LEVIN<\/a><\/p>\n<p><span>2007 \u2013 2008<\/span>\u00a0jurist<br \/><a href=\"https:\/\/www.ellex.ee\/\" target=\"_blank\" rel=\"noopener noreferrer\">Advokaadib\u00fcroo Ellex Raidla<\/a><\/p>\n<p><span>2004 \u2013 2007<\/span>\u00a0jurist<br \/><a href=\"http:\/\/www.kredex.ee\/\" target=\"_blank\" rel=\"noopener noreferrer\">Sihtasutus KredEx<\/a><\/p>\n<p><span>2002 \u2013 2004<\/span>\u00a0jurist<br \/><a href=\"https:\/\/www.lowell.ee\/\" target=\"_blank\" rel=\"noopener noreferrer\">Lowell Eesti AS<\/a><\/p>\n<\/div>\n<\/div>\n<div class=\"et_pb_module et_pb_text et_pb_text_4  et_pb_text_align_left et_pb_bg_layout_light\">\n<div class=\"et_pb_text_inner\">\n<h3>Haridus<\/h3>\n<\/div>\n<\/div>\n<div class=\"et_pb_module et_pb_text et_pb_text_5  et_pb_text_align_left et_pb_bg_layout_light\">\n<div class=\"et_pb_text_inner\">\n<p>2006\u00a0\u00f5igusteaduskond, t\u00e4iend\u00f5pe\u00a0magistratuuris<br \/>Tartu \u00dclikool<\/p>\n<p>2002\u00a0\u00f5igusteaduskond,\u00a0magistrikraad<br \/>Tartu \u00dclikool<span><br \/><\/span><\/p>\n<\/div>\n<\/div>\n<div class=\"et_pb_module et_pb_text et_pb_text_6  et_pb_text_align_left et_pb_bg_layout_light\">\n<div class=\"et_pb_text_inner\">\n<h3>Liikmelisus<\/h3>\n<\/div>\n<\/div>\n<div class=\"et_pb_module et_pb_text et_pb_text_7  et_pb_text_align_left et_pb_bg_layout_light\">\n<div class=\"et_pb_text_inner\">\n<p>2018 \u2013<span>\u00a0<\/span><a href=\"http:\/\/www.juristideliit.ee\/\" target=\"_blank\" rel=\"noopener\">Eesti Juristide Liit<\/a><\/p>\n<p>2009 \u2013 2016\u00a0<a href=\"https:\/\/www.advokatuur.ee\/\" target=\"_blank\" rel=\"noopener\">Eesti Advokatuur<\/a><\/p>\n<p>2000 \u2013 2001 volikogu liige<br \/><a href=\"https:\/\/eyl.ee\/\" target=\"_blank\" rel=\"noopener\">Eesti \u00dcli\u00f5pilaskondade Liit<\/a><\/p>\n<\/div>\n<\/div>\n<p>[\/et_pb_text][\/et_pb_column][\/et_pb_row][\/et_pb_section]<\/p>","protected":false},"excerpt":{"rendered":"<p>T. +372 6720 070F. +372 6720 071E. siim.magi@magilex.ee Kogemus Alates 2018 asutaja ja tegevjuhtMagilex \u00d5igusb\u00fcroo 2015 \u2013 2016 kaasasutaja\/tegevjuhtAvokaado.com 2013 \u2013 2015 advokaat \/ arendusjuhtAdvokaadib\u00fcroo Glikman Alvin LEVIN 2012 \u2013 2013\u00a0partner \/ advokaatAdvokaadib\u00fcroo Magnusson 2009 \u2013 2012\u00a0advokaatAdvokaadib\u00fcroo Glikman Alvin LEVIN 2008 \u2013 2009\u00a0juristAdvokaadib\u00fcroo Glikman Alvin LEVIN 2007 \u2013 2008\u00a0juristAdvokaadib\u00fcroo Ellex Raidla 2004 \u2013 2007\u00a0juristSihtasutus KredEx [&hellip;]<\/p>","protected":false},"author":1,"featured_media":0,"parent":457,"menu_order":0,"comment_status":"closed","ping_status":"closed","template":"","meta":{"_et_pb_use_builder":"on","_et_pb_old_content":"","_et_gb_content_width":"","iawp_total_views":58,"footnotes":""},"class_list":["post-459","page","type-page","status-publish","hentry"],"_links":{"self":[{"href":"https:\/\/www.magilex.ee\/en\/wp-json\/wp\/v2\/pages\/459","targetHints":{"allow":["GET"]}}],"collection":[{"href":"https:\/\/www.magilex.ee\/en\/wp-json\/wp\/v2\/pages"}],"about":[{"href":"https:\/\/www.magilex.ee\/en\/wp-json\/wp\/v2\/types\/page"}],"author":[{"embeddable":true,"href":"https:\/\/www.magilex.ee\/en\/wp-json\/wp\/v2\/users\/1"}],"replies":[{"embeddable":true,"href":"https:\/\/www.magilex.ee\/en\/wp-json\/wp\/v2\/comments?post=459"}],"version-history":[{"count":5,"href":"https:\/\/www.magilex.ee\/en\/wp-json\/wp\/v2\/pages\/459\/revisions"}],"predecessor-version":[{"id":2051,"href":"https:\/\/www.magilex.ee\/en\/wp-json\/wp\/v2\/pages\/459\/revisions\/2051"}],"up":[{"embeddable":true,"href":"https:\/\/www.magilex.ee\/en\/wp-json\/wp\/v2\/pages\/457"}],"wp:attachment":[{"href":"https:\/\/www.magilex.ee\/en\/wp-json\/wp\/v2\/media?parent=459"}],"curies":[{"name":"wp","href":"https:\/\/api.w.org\/{rel}","templated":true}]}}